{"id":3,"date":"2023-03-21T12:19:52","date_gmt":"2023-03-21T12:19:52","guid":{"rendered":"https:\/\/agenciasannicolas.com.ar\/?page_id=3"},"modified":"2023-11-29T08:34:59","modified_gmt":"2023-11-29T08:34:59","slug":"politica-privacidad","status":"publish","type":"page","link":"https:\/\/agenciasannicolas.com.ar\/index.php\/politica-privacidad\/","title":{"rendered":"Pol\u00edtica de privacidad"},"content":{"rendered":"\n<h2 class=\"wp-block-heading\" id=\"h-quienes-somos\">Qui\u00e9nes somos<\/h2>\n\n\n\n<p>Somos una empresa creada para atender la fuerte demanda de informaci\u00f3n, calificada por la mediaci\u00f3n de expertos en la comunicaci\u00f3n social, y utilizando todas las herramientas tecnol\u00f3gicas disponibles, para que esta informaci\u00f3n calificada, relacionada, y contextualizada, llegue a la mayor cantidad de gente posible.<\/p>\n\n\n\n<p>As\u00ed, los productos que integran su canasta de oferta informativa poseen formatos audiovisuales, gr\u00e1ficos, con soportes f\u00edsicos y virtuales: radio, televisi\u00f3n y gr\u00e1fica se conjugan e interrelacionan en el multimedio, apoyados en un equipo period\u00edstico y t\u00e9cnico multifunci\u00f3n. <\/p>\n\n\n\n<p>Nuestra agencia tiene un plan de proyecci\u00f3n hacia toda la provincia, con un programa de desarrollo gradual que avanzar\u00e1 sobre San Nicol\u00e1s, Ramallo, Pergamino y Villa Constituci\u00f3n; para completar as\u00ed una in\u00e9dita cobertura informativa regional, con alcance f\u00edsico hacia toda la provincias, y virtual hacia todo el mundo, a trav\u00e9s de la WEB.<\/p>\n\n\n\n<p>La direcci\u00f3n de nuestra web es: https:\/\/agenciasannicolas.com.ar.<\/p>\n\n\n\n<h2 class=\"wp-block-heading\" id=\"h-comentarios\">Comentarios<\/h2>\n\n\n\n<p>Cuando los visitantes dejan comentarios en la web, recopilamos los datos que se muestran en el formulario de comentarios, as\u00ed como la direcci\u00f3n IP del visitante y la cadena de agentes de usuario del navegador para ayudar a la detecci\u00f3n de spam.<\/p>\n\n\n\n<p>Una cadena an\u00f3nima creada a partir de tu direcci\u00f3n de correo electr\u00f3nico (tambi\u00e9n llamada hash) puede ser proporcionada al servicio de Gravatar para ver si la est\u00e1s usando. La pol\u00edtica de privacidad del servicio Gravatar est\u00e1 disponible aqu\u00ed: https:\/\/automattic.com\/privacy\/. Despu\u00e9s de la aprobaci\u00f3n de tu comentario, la imagen de tu perfil es visible para el p\u00fablico en el contexto de tu comentario.<\/p>\n\n\n\n<h2 class=\"wp-block-heading\" id=\"h-medios\">Medios<\/h2>\n\n\n\n<p>Si subes im\u00e1genes a la web, deber\u00edas evitar subir im\u00e1genes con datos de ubicaci\u00f3n (GPS EXIF) incluidos. Los visitantes de la web pueden descargar y extraer cualquier dato de ubicaci\u00f3n de las im\u00e1genes de la web.<\/p>\n\n\n\n<h2 class=\"wp-block-heading\" id=\"h-cookies\">Cookies<\/h2>\n\n\n\n<p>Si dejas un comentario en nuestro sitio puedes elegir guardar tu nombre, direcci\u00f3n de correo electr\u00f3nico y web en cookies. Esto es para tu comodidad, para que no tengas que volver a rellenar tus datos cuando dejes otro comentario. Estas cookies tendr\u00e1n una duraci\u00f3n de un a\u00f1o.<\/p>\n\n\n\n<p>Si tienes una cuenta y te conectas a este sitio, instalaremos una cookie temporal para determinar si tu navegador acepta cookies. Esta cookie no contiene datos personales y se elimina al cerrar el navegador.<\/p>\n\n\n\n<p>Cuando accedas, tambi\u00e9n instalaremos varias cookies para guardar tu informaci\u00f3n de acceso y tus opciones de visualizaci\u00f3n de pantalla. Las cookies de acceso duran dos d\u00edas, y las cookies de opciones de pantalla duran un a\u00f1o. Si seleccionas \u00abRecu\u00e9rdarme\u00bb, tu acceso perdurar\u00e1 durante dos semanas. Si sales de tu cuenta, las cookies de acceso se eliminar\u00e1n.<\/p>\n\n\n\n<p>Si editas o publicas un art\u00edculo se guardar\u00e1 una cookie adicional en tu navegador. Esta cookie no incluye datos personales y simplemente indica el ID del art\u00edculo que acabas de editar. Caduca despu\u00e9s de 1 d\u00eda.<\/p>\n\n\n\n<h2 class=\"wp-block-heading\" id=\"h-contenido-incrustado-de-otros-sitios-web\">Contenido incrustado de otros sitios web<\/h2>\n\n\n\n<p>Los art\u00edculos de este sitio pueden incluir contenido incrustado (por ejemplo, v\u00eddeos, im\u00e1genes, art\u00edculos, etc.). El contenido incrustado de otras webs se comporta exactamente de la misma manera que si el visitante hubiera visitado la otra web.<\/p>\n\n\n\n<p>Estas web pueden recopilar datos sobre ti, utilizar cookies, incrustar un seguimiento adicional de terceros, y supervisar tu interacci\u00f3n con ese contenido incrustado, incluido el seguimiento de tu interacci\u00f3n con el contenido incrustado si tienes una cuenta y est\u00e1s conectado a esa web.<\/p>\n\n\n\n<h2 class=\"wp-block-heading\" id=\"h-con-quien-compartimos-tus-datos\">Con qui\u00e9n compartimos tus datos<\/h2>\n\n\n\n<p>Si solicitas un restablecimiento de contrase\u00f1a, tu direcci\u00f3n IP ser\u00e1 incluida en el correo electr\u00f3nico de restablecimiento.<\/p>\n\n\n\n<h2 class=\"wp-block-heading\" id=\"h-cuanto-tiempo-conservamos-tus-datos\">Cu\u00e1nto tiempo conservamos tus datos<\/h2>\n\n\n\n<p>Si dejas un comentario, el comentario y sus metadatos se conservan indefinidamente. Esto es para que podamos reconocer y aprobar comentarios sucesivos autom\u00e1ticamente, en lugar de mantenerlos en una cola de moderaci\u00f3n.<\/p>\n\n\n\n<p>De los usuarios que se registran en nuestra web (si los hay), tambi\u00e9n almacenamos la informaci\u00f3n personal que proporcionan en su perfil de usuario. Todos los usuarios pueden ver, editar o eliminar su informaci\u00f3n personal en cualquier momento (excepto que no pueden cambiar su nombre de usuario). Los administradores de la web tambi\u00e9n pueden ver y editar esa informaci\u00f3n.<\/p>\n\n\n\n<h2 class=\"wp-block-heading\" id=\"h-que-derechos-tienes-sobre-tus-datos\">Qu\u00e9 derechos tienes sobre tus datos<\/h2>\n\n\n\n<p>Si tienes una cuenta o has dejado comentarios en esta web, puedes solicitar recibir un archivo de exportaci\u00f3n de los datos personales que tenemos sobre ti, incluyendo cualquier dato que nos hayas proporcionado. Tambi\u00e9n puedes solicitar que eliminemos cualquier dato personal que tengamos sobre ti. Esto no incluye ning\u00fan dato que estemos obligados a conservar con fines administrativos, legales o de seguridad.<\/p>\n\n\n\n<h2 class=\"wp-block-heading\" id=\"h-donde-se-envian-tus-datos\">D\u00f3nde se env\u00edan tus datos<\/h2>\n\n\n\n<p>Los comentarios de los visitantes puede que los revise un servicio de detecci\u00f3n autom\u00e1tica de spam.<\/p>\n","protected":false},"excerpt":{"rendered":"<p>Qui\u00e9nes somos Somos una empresa creada para atender la fuerte demanda de informaci\u00f3n, calificada por la mediaci\u00f3n de expertos en la comunicaci\u00f3n social, y utilizando todas las herramientas tecnol\u00f3gicas disponibles, para que esta informaci\u00f3n calificada, relacionada, y contextualizada, llegue a la mayor cantidad de gente posible. As\u00ed, los productos que integran su canasta de oferta [&hellip;]<\/p>\n","protected":false},"author":1,"featured_media":0,"parent":0,"menu_order":0,"comment_status":"closed","ping_status":"open","template":"","meta":{"footnotes":""},"class_list":["post-3","page","type-page","status-publish"],"yoast_head":"<!-- This site is optimized with the Yoast SEO Premium plugin v20.3 (Yoast SEO v22.6) - https:\/\/yoast.com\/wordpress\/plugins\/seo\/ -->\n<title>Pol\u00edtica de privacidad - Agencia de Noticias San Nicolas<\/title>\n<meta name=\"robots\" content=\"index, follow, max-snippet:-1, max-image-preview:large, max-video-preview:-1\" \/>\n<link rel=\"canonical\" href=\"https:\/\/agenciasannicolas.com.ar\/index.php\/politica-privacidad\/\" \/>\n<meta property=\"og:locale\" content=\"es_ES\" \/>\n<meta property=\"og:type\" content=\"article\" \/>\n<meta property=\"og:title\" content=\"Pol\u00edtica de privacidad\" \/>\n<meta property=\"og:description\" content=\"Qui\u00e9nes somos Somos una empresa creada para atender la fuerte demanda de informaci\u00f3n, calificada por la mediaci\u00f3n de expertos en la comunicaci\u00f3n social, y utilizando todas las herramientas tecnol\u00f3gicas disponibles, para que esta informaci\u00f3n calificada, relacionada, y contextualizada, llegue a la mayor cantidad de gente posible. As\u00ed, los productos que integran su canasta de oferta [&hellip;]\" \/>\n<meta property=\"og:url\" content=\"https:\/\/agenciasannicolas.com.ar\/index.php\/politica-privacidad\/\" \/>\n<meta property=\"og:site_name\" content=\"Agencia de Noticias San Nicolas\" \/>\n<meta property=\"article:modified_time\" content=\"2023-11-29T08:34:59+00:00\" \/>\n<meta name=\"twitter:card\" content=\"summary_large_image\" \/>\n<meta name=\"twitter:label1\" content=\"Tiempo de lectura\" \/>\n\t<meta name=\"twitter:data1\" content=\"4 minutos\" \/>\n<script type=\"application\/ld+json\" class=\"yoast-schema-graph\">{\"@context\":\"https:\/\/schema.org\",\"@graph\":[{\"@type\":\"WebPage\",\"@id\":\"https:\/\/agenciasannicolas.com.ar\/index.php\/politica-privacidad\/\",\"url\":\"https:\/\/agenciasannicolas.com.ar\/index.php\/politica-privacidad\/\",\"name\":\"Pol\u00edtica de privacidad - Agencia de Noticias San Nicolas\",\"isPartOf\":{\"@id\":\"https:\/\/agenciasannicolas.com.ar\/#website\"},\"datePublished\":\"2023-03-21T12:19:52+00:00\",\"dateModified\":\"2023-11-29T08:34:59+00:00\",\"breadcrumb\":{\"@id\":\"https:\/\/agenciasannicolas.com.ar\/index.php\/politica-privacidad\/#breadcrumb\"},\"inLanguage\":\"es\",\"potentialAction\":[{\"@type\":\"ReadAction\",\"target\":[\"https:\/\/agenciasannicolas.com.ar\/index.php\/politica-privacidad\/\"]}]},{\"@type\":\"BreadcrumbList\",\"@id\":\"https:\/\/agenciasannicolas.com.ar\/index.php\/politica-privacidad\/#breadcrumb\",\"itemListElement\":[{\"@type\":\"ListItem\",\"position\":1,\"name\":\"Portada\",\"item\":\"https:\/\/agenciasannicolas.com.ar\/\"},{\"@type\":\"ListItem\",\"position\":2,\"name\":\"Pol\u00edtica de privacidad\"}]},{\"@type\":\"WebSite\",\"@id\":\"https:\/\/agenciasannicolas.com.ar\/#website\",\"url\":\"https:\/\/agenciasannicolas.com.ar\/\",\"name\":\"Agencia de Noticias San Nicolas\",\"description\":\"Hacemos que tu medio digital funcione todos los d\u00edas, sin que te ocupes de lo t\u00e9cnico.\",\"potentialAction\":[{\"@type\":\"SearchAction\",\"target\":{\"@type\":\"EntryPoint\",\"urlTemplate\":\"https:\/\/agenciasannicolas.com.ar\/?s={search_term_string}\"},\"query-input\":\"required name=search_term_string\"}],\"inLanguage\":\"es\"}]}<\/script>\n<!-- \/ Yoast SEO Premium plugin. -->","yoast_head_json":{"title":"Pol\u00edtica de privacidad - Agencia de Noticias San Nicolas","robots":{"index":"index","follow":"follow","max-snippet":"max-snippet:-1","max-image-preview":"max-image-preview:large","max-video-preview":"max-video-preview:-1"},"canonical":"https:\/\/agenciasannicolas.com.ar\/index.php\/politica-privacidad\/","og_locale":"es_ES","og_type":"article","og_title":"Pol\u00edtica de privacidad","og_description":"Qui\u00e9nes somos Somos una empresa creada para atender la fuerte demanda de informaci\u00f3n, calificada por la mediaci\u00f3n de expertos en la comunicaci\u00f3n social, y utilizando todas las herramientas tecnol\u00f3gicas disponibles, para que esta informaci\u00f3n calificada, relacionada, y contextualizada, llegue a la mayor cantidad de gente posible. As\u00ed, los productos que integran su canasta de oferta [&hellip;]","og_url":"https:\/\/agenciasannicolas.com.ar\/index.php\/politica-privacidad\/","og_site_name":"Agencia de Noticias San Nicolas","article_modified_time":"2023-11-29T08:34:59+00:00","twitter_card":"summary_large_image","twitter_misc":{"Tiempo de lectura":"4 minutos"},"schema":{"@context":"https:\/\/schema.org","@graph":[{"@type":"WebPage","@id":"https:\/\/agenciasannicolas.com.ar\/index.php\/politica-privacidad\/","url":"https:\/\/agenciasannicolas.com.ar\/index.php\/politica-privacidad\/","name":"Pol\u00edtica de privacidad - Agencia de Noticias San Nicolas","isPartOf":{"@id":"https:\/\/agenciasannicolas.com.ar\/#website"},"datePublished":"2023-03-21T12:19:52+00:00","dateModified":"2023-11-29T08:34:59+00:00","breadcrumb":{"@id":"https:\/\/agenciasannicolas.com.ar\/index.php\/politica-privacidad\/#breadcrumb"},"inLanguage":"es","potentialAction":[{"@type":"ReadAction","target":["https:\/\/agenciasannicolas.com.ar\/index.php\/politica-privacidad\/"]}]},{"@type":"BreadcrumbList","@id":"https:\/\/agenciasannicolas.com.ar\/index.php\/politica-privacidad\/#breadcrumb","itemListElement":[{"@type":"ListItem","position":1,"name":"Portada","item":"https:\/\/agenciasannicolas.com.ar\/"},{"@type":"ListItem","position":2,"name":"Pol\u00edtica de privacidad"}]},{"@type":"WebSite","@id":"https:\/\/agenciasannicolas.com.ar\/#website","url":"https:\/\/agenciasannicolas.com.ar\/","name":"Agencia de Noticias San Nicolas","description":"Hacemos que tu medio digital funcione todos los d\u00edas, sin que te ocupes de lo t\u00e9cnico.","potentialAction":[{"@type":"SearchAction","target":{"@type":"EntryPoint","urlTemplate":"https:\/\/agenciasannicolas.com.ar\/?s={search_term_string}"},"query-input":"required name=search_term_string"}],"inLanguage":"es"}]}},"_links":{"self":[{"href":"https:\/\/agenciasannicolas.com.ar\/index.php\/wp-json\/wp\/v2\/pages\/3","targetHints":{"allow":["GET"]}}],"collection":[{"href":"https:\/\/agenciasannicolas.com.ar\/index.php\/wp-json\/wp\/v2\/pages"}],"about":[{"href":"https:\/\/agenciasannicolas.com.ar\/index.php\/wp-json\/wp\/v2\/types\/page"}],"author":[{"embeddable":true,"href":"https:\/\/agenciasannicolas.com.ar\/index.php\/wp-json\/wp\/v2\/users\/1"}],"replies":[{"embeddable":true,"href":"https:\/\/agenciasannicolas.com.ar\/index.php\/wp-json\/wp\/v2\/comments?post=3"}],"version-history":[{"count":1,"href":"https:\/\/agenciasannicolas.com.ar\/index.php\/wp-json\/wp\/v2\/pages\/3\/revisions"}],"predecessor-version":[{"id":148,"href":"https:\/\/agenciasannicolas.com.ar\/index.php\/wp-json\/wp\/v2\/pages\/3\/revisions\/148"}],"wp:attachment":[{"href":"https:\/\/agenciasannicolas.com.ar\/index.php\/wp-json\/wp\/v2\/media?parent=3"}],"curies":[{"name":"wp","href":"https:\/\/api.w.org\/{rel}","templated":true}]}}